{"id":9309,"date":"2024-04-03T06:37:59","date_gmt":"2024-04-03T03:37:59","guid":{"rendered":"https:\/\/www.haukkaoptiikka.fi\/?post_type=product&#038;p=9309"},"modified":"2024-04-03T07:12:33","modified_gmt":"2024-04-03T04:12:33","slug":"pulsar-axion-2-xq35-pro","status":"publish","type":"product","link":"https:\/\/www.haukkaoptiikka.fi\/en\/tuote\/pulsar-axion-2-xq35-pro\/","title":{"rendered":"Pulsar Axion 2 XQ35 Pro"},"content":{"rendered":"<h1>Tehokas l\u00e4mp\u00f6kamera Pulsarilta<\/h1>\n<p>Entist\u00e4 paremmat kuvanparannusalgoritmit, kest\u00e4v\u00e4 rakenne sek\u00e4 eurooppalainen kuvantamisen teknologia takaavat toimintavarmuuden. Jopa hankalammissa olosuhteissa, kuten sateessa, sumussa tai jos ilmassa on muita partikkeleita, kuten nokea savussa tai hiekkap\u00f6ly\u00e4.<\/p>\n<h2>Tarkka optiikka<\/h2>\n<p>Pulsar Axion 2 XQ35- l\u00e4mp\u00f6kamerassa on superherkk\u00e4, Euroopassa valmistettu l\u00e4mp\u00f6kuvakenno, jonka herkkyys on NETD &lt;25mK (Noise Equivalent Temperature Difference). T\u00e4m\u00e4 ranskalainen Lynred-l\u00e4mp\u00f6kuvakenno kuvantaa 384 x 288 pikselin tarkkuudella (17 \u00b5m pikseliv\u00e4lill\u00e4), mik\u00e4 takaa t\u00e4ydellisen yksityiskohtien erottumisen. V\u00e4h\u00e4isimm\u00e4tkin l\u00e4mp\u00f6tilanvaihtelut erottuvat selke\u00e4sti niin sateessa, sumussa tai kylmin\u00e4 aamuina, jolloin olosuhteet l\u00e4mp\u00f6kuvaukselle ovat haasteellisimmillaan. Linssi on germanium-pinnoitettu ja valovoimaltaan F35\/1.0. Linssi tuottaa parhaan infrapunavalon toiston pitk\u00e4aaltoisella infrapunataajuudella (LWIR). Linssien valmistuksessa k\u00e4ytetty prosessi on hyvin tarkka, mink\u00e4 seurauksena Axion 2 XQ -sarjan l\u00e4mp\u00f6kuvakennon kuva on todella selke\u00e4 ja yksityiskohtainen. Tavanomainen 1,8-metrinen kohde erottuu jopa 1300 metrin et\u00e4isyydelt\u00e4 pilkkopime\u00e4ss\u00e4.<\/p>\n<p>Pulsar Axion 2 XQ35 -l\u00e4mp\u00f6kamerat soveltuvat t\u00e4ydellisesti niin t\u00e4hystykseen laajoilla alueilla kuin kauempanakin olevien, liikkuvien kohteiden tarkasteluun. N\u00e4k\u00f6kent\u00e4n vaakasuuntainen leveys 100 metriss\u00e4 on 18,2 m (10,7\u00b0). Kuva kuvassa -tilaa (PiP) avaa lis\u00e4ruudun kuvan yl\u00e4laitaan, jossa katselualueen keskusta n\u00e4kyy kaksin- tai nelinkertaisesti (2x\u20134x) suurennettuna. T\u00e4ll\u00e4 tavalla on mahdollista samaan aikaan sek\u00e4 n\u00e4hd\u00e4 kokonaiskuva ett\u00e4 seurata kohdettasi tarkasti. Jopa 8 x digitaalinen zoom helpottaa tarkennusta ja kohteen tunnistamista pitemmill\u00e4 et\u00e4isyyksill\u00e4. Zoom-taso vaihtuu joko asteittain 2x pyk\u00e4liss\u00e4 tai portaattomasti, joten k\u00e4ytt\u00e4j\u00e4n n\u00e4k\u00f6kentt\u00e4 on t\u00e4ysin muokattavissa kulloiseenkin tilanteeseen sopivaksi.<\/p>\n<p>Pulsar Axion 2 XQ35 Pro -l\u00e4mp\u00f6kameroissa on otettu k\u00e4ytt\u00f6\u00f6n uudenlainen l\u00e4hestymistapa kuvantamiseen entist\u00e4 tehokkaampien kuvanparannusalgoritmien kautta. Erilaisia k\u00e4ytt\u00f6tarkoituksia ja katselukohteita varten on tehty juuri niihin parhaimmat mahdolliset asetukset, jotta sek\u00e4 kohteet ett\u00e4 niiden taustat eroittuisivat parhaiten. Kolmitasoisesti s\u00e4\u00e4dett\u00e4v\u00e4 signaalinvahvistusteho ja kuvaa pehment\u00e4v\u00e4 suodin yhdess\u00e4 hienos\u00e4\u00e4dett\u00e4v\u00e4n kirkkauden ja kontrastin kanssa takaa yksityiskohtien t\u00e4ydellisen toistumisen, mik\u00e4 on t\u00e4rke\u00e4\u00e4 esim. sarvien laskennassa. L\u00e4mp\u00f6kuva pysyy aina selke\u00e4n\u00e4 vaihtelevista s\u00e4\u00e4- ja l\u00e4mp\u00f6tilaolosuhteista riippumatta.<\/p>\n<p>N\u00e4ytt\u00f6 on 640 x 480 pikselin HD AMOLED. Sen v\u00e4rintoisto on entist\u00e4 parempaa, se s\u00e4\u00e4st\u00e4\u00e4 virtaa, kuva on suurikontrastinen ja vasteaika on lyhyt. N\u00e4ytt\u00f6 tuottaa kirkkaan ja sulavan kuvan my\u00f6s liikkuessasi hyisess\u00e4 ulkoilmassa. Kahdeksan eri v\u00e4ripaletin valikoima parantaa n\u00e4kyvyytt\u00e4 erilaisissa olosuhteissa, jolloin voit valita kuhunkin tilanteeseen ja katseluolosuhteeseen sopivimman vaihtoehdon. Kuuma valkoinen, kuuma musta ja kuuma punainen helpottavat kohteen liikkeen havaitsemista, sateenkaari ja ultramariini vuorostaan korostavat kohteiden l\u00e4mp\u00f6tilaeroja ja helpottavat tunnistamista. Punainen yksiv\u00e4rinen, seepia ja violetti v\u00e4hent\u00e4v\u00e4t silm\u00e4n v\u00e4symist\u00e4 ja sopivat parhaiten pitk\u00e4aikaiseen y\u00f6tarkkailuun.<\/p>\n<h2>Hyv\u00e4 akkukesto ja liitett\u00e4vyys<\/h2>\n<p>L\u00e4mp\u00f6kameran suurikapasiteettinen, ladattava APS5-akku sallii jopa 11 tunnin yht\u00e4jaksoisen k\u00e4yt\u00f6n yhdell\u00e4 ainoalla latauksella. Akun poisto laitteesta ja uuden laittaminen tilalle vie vain parisen sekuntia. Akun voi ladata joko erityisess\u00e4 <a href=\"https:\/\/pulsarsuomi.fi\/products\/pulsar-aps5-akkulaturi\" target=\"_blank\" rel=\"noopener\">APS5<\/a>&#8211; tai <a href=\"https:\/\/pulsarsuomi.fi\/products\/pulsar-aps-v-akkulaturi\" target=\"_blank\" rel=\"noopener\">APS-V<\/a>-akkulaturissa (tuotteet 79182 ja 79186) tai laitteen sis\u00e4ll\u00e4 k\u00e4ytt\u00e4m\u00e4ll\u00e4 laitteen USB-C-liit\u00e4nt\u00e4\u00e4 tietokoneeseen, verkkovirtalaturiin tai varavirtal\u00e4hteeseen kytkettyn\u00e4. Samaa USB-C -liit\u00e4nt\u00e4\u00e4 voidaan k\u00e4ytt\u00e4\u00e4 my\u00f6s langalliseen tiedonsiirtoon.<\/p>\n<p>Laitteessa on my\u00f6s parannettu Wi-Fi-liitett\u00e4vyys (tuki sek\u00e4 2,4 ett\u00e4 5 GHz taajuuskaistoille), jonka avulla voit yhdist\u00e4\u00e4 Pulsar Axion 2 -l\u00e4mp\u00f6kameran Android- tai iOS-mobiililaitteeseen ilmaisen <a href=\"https:\/\/play.google.com\/store\/apps\/details?id=com.yukon.streamvision2&amp;hl=en_US\" target=\"_blank\" rel=\"noopener\">Pulsar Stream Vision 2<\/a> -mobiilisovelluksen avulla. T\u00e4m\u00e4 avaa koko joukon aivan uusia mahdollisuuksia, kuten videokuvan suoratoiston nettiin, langattomat laiteohjelmistop\u00e4ivitykset, sis\u00e4ll\u00f6n jakamisen sosiaaliseen mediaan, kauko-ohjauksen ja vapaan p\u00e4\u00e4syn Pulsarin omaa uutisvirtaa lukemaan. Nopeampi 5 GHz taajuuskaista mahdollistaa entist\u00e4 sujuvamman ja vakaamman tiedonsiirron ja v\u00e4hent\u00e4\u00e4 langattoman yhteyden alttiutta h\u00e4iri\u00f6ille, mik\u00e4 parantaa l\u00e4mp\u00f6kamerasi tuottavuutta ja tekee sen k\u00e4yt\u00f6st\u00e4 \u00e4lylaitteen kumppanina entist\u00e4 miellytt\u00e4v\u00e4mp\u00e4\u00e4.<\/p>\n<p>Pulsar Axion 2 -l\u00e4mp\u00f6kameroissa on sis\u00e4inen video- ja kuvatallennin. Laitteen sis\u00e4iseen muistiin mahtuu tuntikausia j\u00e4nnitt\u00e4vi\u00e4 videota ja tuhansittain l\u00e4mp\u00f6kuviesi parhaimmistoa. Voit tallentaa kiinnostavan hetken tai aloittaa videotallennuksen yhdell\u00e4 napin painalluksella. Kuvamateriaalin voi siirt\u00e4\u00e4 tietokoneelle my\u00f6s USB-kaapelin kautta. Pulsar Axion 2-l\u00e4mp\u00f6kameran omistajat saavat my\u00f6s 16 Gt ilmaista pilvitallennustilaa rekister\u00f6itym\u00e4ll\u00e4 Pulsarin omaan pilvipalveluun (Pulsar Cloud). Sinun on vain asennettava ilmainen Stream Vision 2 -mobiilisovellus, kirjauduttava sis\u00e4\u00e4n palveluun ja yhdistett\u00e4v\u00e4 laite \u00e4lypuhelimeesi Wi-fin kautta.<\/p>\n<p>Pulsar Axion 2 -l\u00e4mp\u00f6kamerat k\u00e4ynnistyv\u00e4t nopeasti. Laite on t\u00e4ysin k\u00e4ytt\u00f6valmiina viiden sekunnin kuluessa virtapainikkeen (ON) painalluksesta.<br \/>\nPikak\u00e4ynnistys auttaa my\u00f6s s\u00e4\u00e4st\u00e4m\u00e4\u00e4n akkuvirtaa: mets\u00e4styksen aikana Axionin ei ole oltava valmiustilassa koko aikaa, vaan voit k\u00e4ynnist\u00e4\u00e4 sen vain tarvittaessa.<\/p>\n<h2>Pieni ja kevyt mutta kest\u00e4v\u00e4<\/h2>\n<p>Pulsar Axion 2 -l\u00e4mp\u00f6kamerat mahtuvat pieneenkin tilaan ja kulkevat mukanasi vaikka taskunpohjalla. Pulsar Axion 2 XQ35 Pro painaa vain 380 grammaa! Laitetta on helppoa pidell\u00e4 ja k\u00e4ytt\u00e4\u00e4 riippumatta omistajansa vasen- tai oikeak\u00e4tisyydest\u00e4, koska muotoilu on symmetrinen ja ohjauspainikkeet sijoitettu j\u00e4rkev\u00e4sti laitteen p\u00e4\u00e4lle.<\/p>\n<p>Pulsar Axion -l\u00e4mp\u00f6kamera on tehty jatkuvaan ja usein my\u00f6s rajuun k\u00e4ytt\u00f6\u00f6n. Siin\u00e4 on luja ja kest\u00e4v\u00e4 magnesiumseosrunko, joka on silti kevyt. Runko suojaa tehokkaasti laitteen sis\u00e4isi\u00e4 komponentteja, etenkin sen t\u00e4rkeint\u00e4 osaa \u2013 l\u00e4mp\u00f6kuvakennoa \u2013 iskuilta, putoamiselta, kosteudelta, kuumalta ja kylm\u00e4lt\u00e4. Metallirunko toimii my\u00f6s j\u00e4\u00e4hdytyselementtin\u00e4, joka poistaa laitteen sis\u00e4osissa (etenkin l\u00e4mp\u00f6kuvakennossa) syntyv\u00e4\u00e4 hukkal\u00e4mp\u00f6\u00e4, v\u00e4hent\u00e4\u00e4 kohinaa ja pit\u00e4\u00e4 my\u00f6s l\u00e4mp\u00f6kuvakennon vakaana pitemm\u00e4ll\u00e4kin k\u00e4ytt\u00f6rupeamalla.<\/p>\n<p>Tuli kyseeseen sitten rankkasade, lumimyrsky tai muu kostuminen, IPX7-vesitiiviysluokitus takaa, ettei laite pet\u00e4 m\u00e4rimmill\u00e4k\u00e4\u00e4n keleill\u00e4! Laitteesi on suunniteltu toimimaan moitteettomasti jopa upottuaan 1 metrin syvyyteen 30 minuutin ajaksi.<\/p>\n<h2>Teknisi\u00e4 tietoja<\/h2>\n<ul>\n<li>Suurennos: 2 &#8230; 8X<\/li>\n<li>Akun kesto: 11h \/ vaihdettava akku<\/li>\n<li>L\u00e4mp\u00f6kuvakennon tarkkuus: 384 x 288 px 17 \u00b5m (NETD &lt;25 mK)<\/li>\n<li>N\u00e4ytt\u00f6: 640 x 480 pikselin HD AMOLED<\/li>\n<li>Paino: 380 g<\/li>\n<li>Takuu: 3 vuoden takuu, joka kattaa kaikki laitteeseen mahdollisesti tulevat viat.<\/li>\n<\/ul>\n<p><a href=\"https:\/\/pulsarsuomi.fi\/products\/pulsar-axion-2-xq35-pro-lampokamera\" target=\"_blank\" rel=\"noopener\">Linkki valmistajan sivuille<\/a>.<\/p>\n<p><a href=\"https:\/\/pulsarsuomi.fi\/cdn\/shop\/files\/Axion_2_-_FI_-_Ohjekirja.pdf?v=10354094134797877701\" target=\"_blank\" rel=\"noopener\">Lataa k\u00e4ytt\u00f6opas (FIN).<\/a><\/p>\n","protected":false},"excerpt":{"rendered":"<h1>Pulsar Axion 2 XQ35 on tehokas ja tarkka l\u00e4mp\u00f6kamera Pulsarilta<\/h1>\n<p>Siin\u00e4 on on superherkk\u00e4 (NETD &lt;25mK) ranskalainen Lynred-l\u00e4mp\u00f6kuvakenno (384 x 288 pikseli\u00e4). N\u00e4k\u00f6kent\u00e4n vaakasuuntainen leveys 100 metriss\u00e4 on 18,2 m (10,7\u00b0). Jopa 8 x digitaalinen zoom. N\u00e4ytt\u00f6 on 640 x 480 pikselin HD AMOLED. Akku sallii jopa 11 tunnin yht\u00e4jaksoisen k\u00e4yt\u00f6n yhdell\u00e4 ainoalla latauksella. Laitteen USB-C-liit\u00e4nn\u00e4n voi kytke\u00e4 tietokoneeseen, verkkovirtalaturiin tai varavirtal\u00e4hteeseen. Laitteessa on my\u00f6s Wi-Fi-liitett\u00e4vyys (2,4 ja 5 GHz), jonka avulla voit yhdist\u00e4\u00e4 Pulsar Axion 2 -l\u00e4mp\u00f6kameran Android- tai iOS-mobiililaitteeseen ilmaisen <a href=\"https:\/\/play.google.com\/store\/apps\/details?id=com.yukon.streamvision2&amp;hl=en_US\" target=\"_blank\" rel=\"noopener\">Pulsar Stream Vision 2<\/a> -mobiilisovelluksen avulla. Pulsar Axion 2 -l\u00e4mp\u00f6kameroissa on sis\u00e4inen video- ja kuvatallennin. Pulsar Axion 2 -l\u00e4mp\u00f6kamerat mahtuvat pieneenkin tilaan ja kulkevat mukanasi vaikka taskunpohjalla. Pulsar Axion 2 XQ35 Pro painaa vain 380 grammaa, siin\u00e4 on luja ja kest\u00e4v\u00e4 magnesiumseosrunko ja se on IPX7-vesitiiviysluokiteltu. Takuu on 3 vuotta ja se kattaa kaikki laitteeseen mahdollisesti tulevat viat.<\/p>\n","protected":false},"featured_media":9310,"comment_status":"closed","ping_status":"closed","template":"","meta":{"_themeisle_gutenberg_block_has_review":false,"jetpack_publicize_message":"","jetpack_publicize_feature_enabled":true,"jetpack_social_post_already_shared":true,"jetpack_social_options":{"image_generator_settings":{"template":"highway","default_image_id":0,"font":"","enabled":false},"version":2}},"product_brand":[],"product_cat":[15,32],"product_tag":[157,159,156,160,158],"class_list":{"0":"post-9309","1":"product","2":"type-product","3":"status-publish","4":"has-post-thumbnail","6":"product_cat-kaikki","7":"product_cat-ope","8":"product_tag-axion-2","9":"product_tag-lampokamera","10":"product_tag-pulsar","11":"product_tag-thermal-camera","12":"product_tag-xq35","14":"first","15":"instock","16":"taxable","17":"shipping-taxable","18":"purchasable","19":"product-type-simple"},"translation":{"provider":"WPGlobus","version":"3.0.2","language":"en","enabled_languages":["fi","en"],"languages":{"fi":{"title":true,"content":true,"excerpt":true},"en":{"title":false,"content":false,"excerpt":false}}},"yoast_head":"<!-- This site is optimized with the Yoast SEO plugin v27.5 - https:\/\/yoast.com\/product\/yoast-seo-wordpress\/ -->\n<title>Pulsar Axion 2 XQ35 Pro - Haukkaoptiikka<\/title>\n<meta name=\"robots\" content=\"index, follow, max-snippet:-1, max-image-preview:large, max-video-preview:-1\" \/>\n<link rel=\"canonical\" href=\"https:\/\/www.haukkaoptiikka.fi\/tuote\/pulsar-axion-2-xq35-pro\/\" \/>\n<meta property=\"og:locale\" content=\"en_US\" \/>\n<meta property=\"og:type\" content=\"article\" \/>\n<meta property=\"og:title\" content=\"Pulsar Axion 2 XQ35 Pro - Haukkaoptiikka\" \/>\n<meta property=\"og:url\" content=\"https:\/\/www.haukkaoptiikka.fi\/tuote\/pulsar-axion-2-xq35-pro\/\" \/>\n<meta property=\"og:site_name\" content=\"Haukkaoptiikka\" \/>\n<meta property=\"article:publisher\" content=\"https:\/\/www.facebook.com\/Haukkaoptiikka\/\" \/>\n<meta property=\"article:modified_time\" content=\"2024-04-03T04:12:33+00:00\" \/>\n<meta property=\"og:image\" content=\"https:\/\/www.haukkaoptiikka.fi\/wp-content\/uploads\/2024\/04\/AXION_2_XQ35.png\" \/>\n\t<meta property=\"og:image:width\" content=\"3000\" \/>\n\t<meta property=\"og:image:height\" content=\"1950\" \/>\n\t<meta property=\"og:image:type\" content=\"image\/png\" \/>\n<meta name=\"twitter:card\" content=\"summary_large_image\" \/>\n<meta name=\"twitter:site\" content=\"@haukkaoptiikka\" \/>\n<meta name=\"twitter:label1\" content=\"Est. reading time\" \/>\n\t<meta name=\"twitter:data1\" content=\"5 minutes\" \/>\n<script type=\"application\/ld+json\" class=\"yoast-schema-graph\">{\"@context\":\"https:\\\/\\\/schema.org\",\"@graph\":[{\"@type\":\"WebPage\",\"@id\":\"https:\\\/\\\/www.haukkaoptiikka.fi\\\/tuote\\\/pulsar-axion-2-xq35-pro\\\/\",\"url\":\"https:\\\/\\\/www.haukkaoptiikka.fi\\\/tuote\\\/pulsar-axion-2-xq35-pro\\\/\",\"name\":\"Pulsar Axion 2 XQ35 Pro - Haukkaoptiikka\",\"isPartOf\":{\"@id\":\"https:\\\/\\\/www.haukkaoptiikka.fi\\\/#website\"},\"primaryImageOfPage\":{\"@id\":\"https:\\\/\\\/www.haukkaoptiikka.fi\\\/tuote\\\/pulsar-axion-2-xq35-pro\\\/#primaryimage\"},\"image\":{\"@id\":\"https:\\\/\\\/www.haukkaoptiikka.fi\\\/tuote\\\/pulsar-axion-2-xq35-pro\\\/#primaryimage\"},\"thumbnailUrl\":\"https:\\\/\\\/www.haukkaoptiikka.fi\\\/wp-content\\\/uploads\\\/2024\\\/04\\\/AXION_2_XQ35.png\",\"datePublished\":\"2024-04-03T03:37:59+00:00\",\"dateModified\":\"2024-04-03T04:12:33+00:00\",\"description\":\"Pulsar Axion 2 XQ35 Pro l\u00e4mp\u00f6kamera on tehokas ja tarkka. Superherkk\u00e4 kuvakenno (384 x 288 pikseli\u00e4). Mahtuu pieneen tilaan. Magnesiumrunko, painaa vain 380 grammaaja on IPX7 luokiteltu. Takuu on 3 vuotta.\",\"breadcrumb\":{\"@id\":\"https:\\\/\\\/www.haukkaoptiikka.fi\\\/tuote\\\/pulsar-axion-2-xq35-pro\\\/#breadcrumb\"},\"inLanguage\":\"en-US\",\"potentialAction\":[{\"@type\":\"ReadAction\",\"target\":[\"https:\\\/\\\/www.haukkaoptiikka.fi\\\/tuote\\\/pulsar-axion-2-xq35-pro\\\/\"]}]},{\"@type\":\"ImageObject\",\"inLanguage\":\"en-US\",\"@id\":\"https:\\\/\\\/www.haukkaoptiikka.fi\\\/tuote\\\/pulsar-axion-2-xq35-pro\\\/#primaryimage\",\"url\":\"https:\\\/\\\/www.haukkaoptiikka.fi\\\/wp-content\\\/uploads\\\/2024\\\/04\\\/AXION_2_XQ35.png\",\"contentUrl\":\"https:\\\/\\\/www.haukkaoptiikka.fi\\\/wp-content\\\/uploads\\\/2024\\\/04\\\/AXION_2_XQ35.png\",\"width\":3000,\"height\":1950,\"caption\":\"Pulsar Axion 2 XQ35 Pro l\u00e4mp\u00f6kamera on tehty jatkuvaan ja usein my\u00f6s rajuun k\u00e4ytt\u00f6\u00f6n.\"},{\"@type\":\"BreadcrumbList\",\"@id\":\"https:\\\/\\\/www.haukkaoptiikka.fi\\\/tuote\\\/pulsar-axion-2-xq35-pro\\\/#breadcrumb\",\"itemListElement\":[{\"@type\":\"ListItem\",\"position\":1,\"name\":\"Home\",\"item\":\"https:\\\/\\\/www.haukkaoptiikka.fi\\\/\"},{\"@type\":\"ListItem\",\"position\":2,\"name\":\"Laadukkaan katseluoptiikan verkkokauppa\",\"item\":\"https:\\\/\\\/www.haukkaoptiikka.fi\\\/\"},{\"@type\":\"ListItem\",\"position\":3,\"name\":\"{:fi}Optoelektroniikka{:}{:en}Optoelectronics{:}\",\"item\":\"https:\\\/\\\/www.haukkaoptiikka.fi\\\/tuote-osasto\\\/ope\\\/\"},{\"@type\":\"ListItem\",\"position\":4,\"name\":\"Pulsar Axion 2 XQ35 Pro\"}]},{\"@type\":\"WebSite\",\"@id\":\"https:\\\/\\\/www.haukkaoptiikka.fi\\\/#website\",\"url\":\"https:\\\/\\\/www.haukkaoptiikka.fi\\\/\",\"name\":\"{:fi}Haukkaoptiikka{:}{:en}Haukkaoptiikka{:}\",\"description\":\"Your affordable viewing optics provider\",\"publisher\":{\"@id\":\"https:\\\/\\\/www.haukkaoptiikka.fi\\\/#organization\"},\"potentialAction\":[{\"@type\":\"SearchAction\",\"target\":{\"@type\":\"EntryPoint\",\"urlTemplate\":\"https:\\\/\\\/www.haukkaoptiikka.fi\\\/?s={search_term_string}\"},\"query-input\":{\"@type\":\"PropertyValueSpecification\",\"valueRequired\":true,\"valueName\":\"search_term_string\"}}],\"inLanguage\":\"en-US\"},{\"@type\":\"Organization\",\"@id\":\"https:\\\/\\\/www.haukkaoptiikka.fi\\\/#organization\",\"name\":\"Haukkaoptiikka\",\"url\":\"https:\\\/\\\/www.haukkaoptiikka.fi\\\/\",\"logo\":{\"@type\":\"ImageObject\",\"inLanguage\":\"en-US\",\"@id\":\"https:\\\/\\\/www.haukkaoptiikka.fi\\\/#\\\/schema\\\/logo\\\/image\\\/\",\"url\":\"https:\\\/\\\/www.haukkaoptiikka.fi\\\/wp-content\\\/uploads\\\/2019\\\/03\\\/Haukkaoptiikka.jpg\",\"contentUrl\":\"https:\\\/\\\/www.haukkaoptiikka.fi\\\/wp-content\\\/uploads\\\/2019\\\/03\\\/Haukkaoptiikka.jpg\",\"width\":709,\"height\":591,\"caption\":\"Haukkaoptiikka\"},\"image\":{\"@id\":\"https:\\\/\\\/www.haukkaoptiikka.fi\\\/#\\\/schema\\\/logo\\\/image\\\/\"},\"sameAs\":[\"https:\\\/\\\/www.facebook.com\\\/Haukkaoptiikka\\\/\",\"https:\\\/\\\/x.com\\\/haukkaoptiikka\",\"https:\\\/\\\/www.instagram.com\\\/haukkaoptiikka\\\/\"]}]}<\/script>\n<!-- \/ Yoast SEO plugin. -->","yoast_head_json":{"title":"Pulsar Axion 2 XQ35 Pro - Haukkaoptiikka","robots":{"index":"index","follow":"follow","max-snippet":"max-snippet:-1","max-image-preview":"max-image-preview:large","max-video-preview":"max-video-preview:-1"},"canonical":"https:\/\/www.haukkaoptiikka.fi\/tuote\/pulsar-axion-2-xq35-pro\/","og_locale":"en_US","og_type":"article","og_title":"Pulsar Axion 2 XQ35 Pro - Haukkaoptiikka","og_url":"https:\/\/www.haukkaoptiikka.fi\/tuote\/pulsar-axion-2-xq35-pro\/","og_site_name":"Haukkaoptiikka","article_publisher":"https:\/\/www.facebook.com\/Haukkaoptiikka\/","article_modified_time":"2024-04-03T04:12:33+00:00","og_image":[{"width":3000,"height":1950,"url":"https:\/\/www.haukkaoptiikka.fi\/wp-content\/uploads\/2024\/04\/AXION_2_XQ35.png","type":"image\/png"}],"twitter_card":"summary_large_image","twitter_site":"@haukkaoptiikka","twitter_misc":{"Est. reading time":"5 minutes"},"schema":{"@context":"https:\/\/schema.org","@graph":[{"@type":"WebPage","@id":"https:\/\/www.haukkaoptiikka.fi\/tuote\/pulsar-axion-2-xq35-pro\/","url":"https:\/\/www.haukkaoptiikka.fi\/tuote\/pulsar-axion-2-xq35-pro\/","name":"Pulsar Axion 2 XQ35 Pro - Haukkaoptiikka","isPartOf":{"@id":"https:\/\/www.haukkaoptiikka.fi\/#website"},"primaryImageOfPage":{"@id":"https:\/\/www.haukkaoptiikka.fi\/tuote\/pulsar-axion-2-xq35-pro\/#primaryimage"},"image":{"@id":"https:\/\/www.haukkaoptiikka.fi\/tuote\/pulsar-axion-2-xq35-pro\/#primaryimage"},"thumbnailUrl":"https:\/\/www.haukkaoptiikka.fi\/wp-content\/uploads\/2024\/04\/AXION_2_XQ35.png","datePublished":"2024-04-03T03:37:59+00:00","dateModified":"2024-04-03T04:12:33+00:00","description":"Pulsar Axion 2 XQ35 Pro l\u00e4mp\u00f6kamera on tehokas ja tarkka. Superherkk\u00e4 kuvakenno (384 x 288 pikseli\u00e4). Mahtuu pieneen tilaan. Magnesiumrunko, painaa vain 380 grammaaja on IPX7 luokiteltu. Takuu on 3 vuotta.","breadcrumb":{"@id":"https:\/\/www.haukkaoptiikka.fi\/tuote\/pulsar-axion-2-xq35-pro\/#breadcrumb"},"inLanguage":"en-US","potentialAction":[{"@type":"ReadAction","target":["https:\/\/www.haukkaoptiikka.fi\/tuote\/pulsar-axion-2-xq35-pro\/"]}]},{"@type":"ImageObject","inLanguage":"en-US","@id":"https:\/\/www.haukkaoptiikka.fi\/tuote\/pulsar-axion-2-xq35-pro\/#primaryimage","url":"https:\/\/www.haukkaoptiikka.fi\/wp-content\/uploads\/2024\/04\/AXION_2_XQ35.png","contentUrl":"https:\/\/www.haukkaoptiikka.fi\/wp-content\/uploads\/2024\/04\/AXION_2_XQ35.png","width":3000,"height":1950,"caption":"Pulsar Axion 2 XQ35 Pro l\u00e4mp\u00f6kamera on tehty jatkuvaan ja usein my\u00f6s rajuun k\u00e4ytt\u00f6\u00f6n."},{"@type":"BreadcrumbList","@id":"https:\/\/www.haukkaoptiikka.fi\/tuote\/pulsar-axion-2-xq35-pro\/#breadcrumb","itemListElement":[{"@type":"ListItem","position":1,"name":"Home","item":"https:\/\/www.haukkaoptiikka.fi\/"},{"@type":"ListItem","position":2,"name":"Laadukkaan katseluoptiikan verkkokauppa","item":"https:\/\/www.haukkaoptiikka.fi\/"},{"@type":"ListItem","position":3,"name":"{:fi}Optoelektroniikka{:}{:en}Optoelectronics{:}","item":"https:\/\/www.haukkaoptiikka.fi\/tuote-osasto\/ope\/"},{"@type":"ListItem","position":4,"name":"Pulsar Axion 2 XQ35 Pro"}]},{"@type":"WebSite","@id":"https:\/\/www.haukkaoptiikka.fi\/#website","url":"https:\/\/www.haukkaoptiikka.fi\/","name":"{:fi}Haukkaoptiikka{:}{:en}Haukkaoptiikka{:}","description":"Your affordable viewing optics provider","publisher":{"@id":"https:\/\/www.haukkaoptiikka.fi\/#organization"},"potentialAction":[{"@type":"SearchAction","target":{"@type":"EntryPoint","urlTemplate":"https:\/\/www.haukkaoptiikka.fi\/?s={search_term_string}"},"query-input":{"@type":"PropertyValueSpecification","valueRequired":true,"valueName":"search_term_string"}}],"inLanguage":"en-US"},{"@type":"Organization","@id":"https:\/\/www.haukkaoptiikka.fi\/#organization","name":"Haukkaoptiikka","url":"https:\/\/www.haukkaoptiikka.fi\/","logo":{"@type":"ImageObject","inLanguage":"en-US","@id":"https:\/\/www.haukkaoptiikka.fi\/#\/schema\/logo\/image\/","url":"https:\/\/www.haukkaoptiikka.fi\/wp-content\/uploads\/2019\/03\/Haukkaoptiikka.jpg","contentUrl":"https:\/\/www.haukkaoptiikka.fi\/wp-content\/uploads\/2019\/03\/Haukkaoptiikka.jpg","width":709,"height":591,"caption":"Haukkaoptiikka"},"image":{"@id":"https:\/\/www.haukkaoptiikka.fi\/#\/schema\/logo\/image\/"},"sameAs":["https:\/\/www.facebook.com\/Haukkaoptiikka\/","https:\/\/x.com\/haukkaoptiikka","https:\/\/www.instagram.com\/haukkaoptiikka\/"]}]}},"jetpack_publicize_connections":[],"jetpack_sharing_enabled":true,"_links":{"self":[{"href":"https:\/\/www.haukkaoptiikka.fi\/en\/wp-json\/wp\/v2\/product\/9309","targetHints":{"allow":["GET"]}}],"collection":[{"href":"https:\/\/www.haukkaoptiikka.fi\/en\/wp-json\/wp\/v2\/product"}],"about":[{"href":"https:\/\/www.haukkaoptiikka.fi\/en\/wp-json\/wp\/v2\/types\/product"}],"replies":[{"embeddable":true,"href":"https:\/\/www.haukkaoptiikka.fi\/en\/wp-json\/wp\/v2\/comments?post=9309"}],"wp:featuredmedia":[{"embeddable":true,"href":"https:\/\/www.haukkaoptiikka.fi\/en\/wp-json\/wp\/v2\/media\/9310"}],"wp:attachment":[{"href":"https:\/\/www.haukkaoptiikka.fi\/en\/wp-json\/wp\/v2\/media?parent=9309"}],"wp:term":[{"taxonomy":"product_brand","embeddable":true,"href":"https:\/\/www.haukkaoptiikka.fi\/en\/wp-json\/wp\/v2\/product_brand?post=9309"},{"taxonomy":"product_cat","embeddable":true,"href":"https:\/\/www.haukkaoptiikka.fi\/en\/wp-json\/wp\/v2\/product_cat?post=9309"},{"taxonomy":"product_tag","embeddable":true,"href":"https:\/\/www.haukkaoptiikka.fi\/en\/wp-json\/wp\/v2\/product_tag?post=9309"}],"curies":[{"name":"wp","href":"https:\/\/api.w.org\/{rel}","templated":true}]}}